{"id":83,"date":"2018-03-08T14:25:18","date_gmt":"2018-03-08T14:25:18","guid":{"rendered":"http:\/\/treceprostor.com\/?page_id=83"},"modified":"2024-02-27T18:21:33","modified_gmt":"2024-02-27T18:21:33","slug":"produkcija","status":"publish","type":"page","link":"http:\/\/treceprostor.com\/en\/produkcija\/","title":{"rendered":"PRODUKCIJA"},"content":{"rendered":"\n<p><em>Kako pre\u017eivjeti ovo \u0161to zovemo \u017eivot?*<\/em><\/p>\n\n\n\n<figure class=\"wp-block-image size-large\"><img loading=\"lazy\" decoding=\"async\" width=\"1024\" height=\"683\" src=\"http:\/\/treceprostor.com\/wp-content\/uploads\/2023\/04\/341025728_943782063312476_3726886434164410580_n-1-1024x683.jpg\" alt=\"\" class=\"wp-image-1635\" srcset=\"http:\/\/treceprostor.com\/wp-content\/uploads\/2023\/04\/341025728_943782063312476_3726886434164410580_n-1-1024x683.jpg 1024w, http:\/\/treceprostor.com\/wp-content\/uploads\/2023\/04\/341025728_943782063312476_3726886434164410580_n-1-300x200.jpg 300w, http:\/\/treceprostor.com\/wp-content\/uploads\/2023\/04\/341025728_943782063312476_3726886434164410580_n-1-768x512.jpg 768w, http:\/\/treceprostor.com\/wp-content\/uploads\/2023\/04\/341025728_943782063312476_3726886434164410580_n-1-1536x1024.jpg 1536w, http:\/\/treceprostor.com\/wp-content\/uploads\/2023\/04\/341025728_943782063312476_3726886434164410580_n-1.jpg 2048w\" sizes=\"auto, (max-width: 767px) 89vw, (max-width: 1000px) 54vw, (max-width: 1071px) 543px, 580px\" \/><figcaption class=\"wp-element-caption\"><em>Foto: Matej \u010celar<\/em><\/figcaption><\/figure>\n\n\n\n<p><strong>NAJNORMALNIJI OD SVIH DANA<\/strong>, autor: Roko Naki\u0107<\/p>\n\n\n\n<p class=\"wp-embed-aspect-16-9 wp-has-aspect-ratio\"><\/p>\n\n\n\n<p>Kako izgleda najnormalniji od svih dana? Koji pro\u017eivljavamo svaki dan, uvijek iznova\u2026 <\/p>\n\n\n\n<p>Ova predstava je isje\u010dak iz jednog radnog dana neimenovanog protagonista koji poku\u0161ava zadr\u017eati prisebnost u vrtlogu svakodnevice, ali \u010dija se nejaka li\u010dnost drobi pod pritiskom te polako gubi svaki dodir sa stvarnim svijetom. <strong>Najnormalniji od svih dana <\/strong>neverbalna je monokomedija s elementima stand up-a. Nastala je kao zavr\u0161na diplomska predstava na Akademiji za umjetnost i kulturu u Osijeku pod mentorstvom redatelja Jasmina Novljakovi\u0107a. <\/p>\n\n\n\n<p class=\"wp-embed-aspect-16-9 wp-has-aspect-ratio\">*Mladen Radi\u0107, Glas Istre<\/p>\n\n\n\n<p class=\"wp-embed-aspect-16-9 wp-has-aspect-ratio\"><a href=\"https:\/\/www.glasistre.hr\/kazaliste\/2023\/04\/16\/najnormalniji-od-svih-dana-kako-prezivjeti-ovo-sto-zovemo-zivot-857620\">https:\/\/www.glasistre.hr\/kazaliste\/2023\/04\/16\/najnormalniji-od-svih-dana-kako-prezivjeti-ovo-sto-zovemo-zivot-857620<\/a><\/p>\n\n\n\n<figure class=\"wp-block-embed is-type-video is-provider-vimeo wp-block-embed-vimeo wp-embed-aspect-16-9 wp-has-aspect-ratio\"><div class=\"wp-block-embed__wrapper\">\n<iframe loading=\"lazy\" title=\"Najnormalniji od svih dana\" src=\"https:\/\/player.vimeo.com\/video\/790748756?dnt=1&amp;app_id=122963\" width=\"525\" height=\"295\" frameborder=\"0\" allow=\"autoplay; fullscreen; picture-in-picture; clipboard-write\"><\/iframe>\n<\/div><figcaption class=\"wp-element-caption\"><em>Promo video: Mario Brki\u0107<\/em><\/figcaption><\/figure>\n\n\n\n<p><\/p>\n\n\n\n<p><\/p>\n\n\n\n<p><em>Ovo je predstava o polarnim medvjedima&#8230;<\/em><\/p>\n\n\n\n<figure class=\"wp-block-image size-large\"><img loading=\"lazy\" decoding=\"async\" width=\"1024\" height=\"683\" src=\"http:\/\/treceprostor.com\/wp-content\/uploads\/2022\/05\/PolMed_Pro_WEB-28-1024x683.jpg\" alt=\"\" class=\"wp-image-1069\" srcset=\"http:\/\/treceprostor.com\/wp-content\/uploads\/2022\/05\/PolMed_Pro_WEB-28-1024x683.jpg 1024w, http:\/\/treceprostor.com\/wp-content\/uploads\/2022\/05\/PolMed_Pro_WEB-28-300x200.jpg 300w, http:\/\/treceprostor.com\/wp-content\/uploads\/2022\/05\/PolMed_Pro_WEB-28-768x512.jpg 768w, http:\/\/treceprostor.com\/wp-content\/uploads\/2022\/05\/PolMed_Pro_WEB-28-1536x1024.jpg 1536w, http:\/\/treceprostor.com\/wp-content\/uploads\/2022\/05\/PolMed_Pro_WEB-28.jpg 1920w\" sizes=\"auto, (max-width: 767px) 89vw, (max-width: 1000px) 54vw, (max-width: 1071px) 543px, 580px\" \/><figcaption class=\"wp-element-caption\">Foto: Matej \u010celar<\/figcaption><\/figure>\n\n\n\n<p><strong>BEAR WITH ME<\/strong>, autorica: Irena Bo\u0107kai, 2021<\/p>\n\n\n\n<p><strong>Premijera: <\/strong>21.12., festival TRE\u0106A KOZA, Kazali\u0161te Dr. Inat, DC Rojc, Pula<\/p>\n\n\n\n<p><strong>Izvedbe: <\/strong>Muzej suvremene umjetnosti Zagreb; POGON-Zagreba\u010dki centar za nezavisnu kulturu i mlade; Akademija za umjetnost i kulturu u Osijeku; Mala scena HD Karlovac, Zadar snova; Performing Picnic PARK Festival 3; Zadar snova; Cittadella FLUXUS Art Parade; PROSTOR-Culture Hub Croatia, Split; KUM-Kazali\u0161te u Mo\u010dvari, Zagreb<\/p>\n\n\n\n<p>&#8220;Bear with me&#8221; je performans o stvarala\u010dkom procesu rada na izvedbi u \u010dijem su fokusu polarni medvjedi. Naslov ovdje semanti\u010dki aludira na najve\u0107eg kopnenog predatora i morskog sisavca, ali i na imperativ publici da bude strpljiva s autoricom koja se u izvedbi poku\u0161ava transformirati u polarnog medvjeda. Performans se izvodi u formi izvedbenog predavanje koje spaja umjetni\u010dko i akademsko s ciljem prijenosa znanja unutar umjetni\u010dke izvedbe. Ideja je u izvedbenom predavanju rastvarati proces rada na izvedbi u kojoj se autorica bavi temom izvedbene \u017eivotinje. Bitan aspekt izvedbe \u010dini pojam stvarala\u010dke nelagode i nelagode koja proizlazi iz tijela. Iz tog se razloga u izvedbi autorica poku\u0161ava utjeloviti u drugom tijelu koje je druk\u010dije od njezinoga. Stvarala\u010dka nelagoda proizlazi i iz stalne prijetnje kojoj smo izlo\u017eeni u bilo kakvoj vrsti umjetni\u010dke kreacije jer su danas umjetnici neprestano na granici originala i reprodukcije, pa \u010dak i plagijata. Stvarala\u010dka nelagoda proizlazi i iz stalne prijetnje ho\u0107e li izvedba biti progla\u0161ena uspje\u0161nom ili neuspje\u0161nom. Ho\u0107e li se posre\u0107iti?<\/p>\n\n\n\n<p>Irena Bo\u0107kai o izvedbi performansa &#8220;Bear with me:&#8221;<\/p>\n\n\n\n<p>U izvedbi sam u sustavnoj potrazi za me\u0111uprostorom koji se mo\u017eda otvara u trenutku rascijepa koji nastaje iz razlike izme\u0111u mojeg i medvje\u0111eg tijela. Rastvaranjem tog me\u0111uprostora mo\u017eda je mogu\u0107e uloviti potencijal trenutka gdje negdje prilikom izvo\u0111enja zaista postajem polarni medvjed, a izvedba samim time postaje uspje\u0161na izvedba&#8230;<\/p>\n\n\n\n<p><a href=\"https:\/\/www.plesnascena.hr\/index.php?p=article&amp;id=2633\">https:\/\/www.plesnascena.hr\/index.php?p=article&amp;id=2633<\/a><\/p>\n\n\n\n<p><\/p>\n\n\n\n<figure class=\"wp-block-embed is-type-video is-provider-vimeo wp-block-embed-vimeo wp-embed-aspect-16-9 wp-has-aspect-ratio\"><div class=\"wp-block-embed__wrapper\">\n<iframe loading=\"lazy\" title=\"BEAR WITH ME\" src=\"https:\/\/player.vimeo.com\/video\/765376143?dnt=1&amp;app_id=122963\" width=\"525\" height=\"295\" frameborder=\"0\" allow=\"autoplay; fullscreen; picture-in-picture; clipboard-write\"><\/iframe>\n<\/div><\/figure>\n\n\n\n<p>&nbsp;<\/p>\n\n\n\n<figure class=\"wp-block-embed is-type-wp-embed is-provider-ravnododna wp-block-embed-ravnododna\"><div class=\"wp-block-embed__wrapper\">\n<blockquote class=\"wp-embedded-content\" data-secret=\"TIW4FKxp4D\"><a href=\"https:\/\/ravnododna.com\/events\/koncert-new-gondoliers-i-performans-irene-bockai-bear-with-me-u-mocvari\/\">Koncert New Gondoliers i performans Irene Bo\u0107kai &#8216;Bear with me&#8217; u Mo\u010dvari<\/a><\/blockquote><iframe loading=\"lazy\" class=\"wp-embedded-content\" sandbox=\"allow-scripts\" security=\"restricted\" style=\"position: absolute; clip: rect(1px, 1px, 1px, 1px);\" title=\"&#8220;Koncert New Gondoliers i performans Irene Bo\u0107kai &#8216;Bear with me&#8217; u Mo\u010dvari&#8221; &#8212; ravnododna\" src=\"https:\/\/ravnododna.com\/events\/koncert-new-gondoliers-i-performans-irene-bockai-bear-with-me-u-mocvari\/embed\/#?secret=TIW4FKxp4D\" data-secret=\"TIW4FKxp4D\" width=\"525\" height=\"296\" frameborder=\"0\" marginwidth=\"0\" marginheight=\"0\" scrolling=\"no\"><\/iframe>\n<\/div><\/figure>\n\n\n\n<figure class=\"wp-block-image size-large\"><img loading=\"lazy\" decoding=\"async\" width=\"1024\" height=\"536\" src=\"http:\/\/treceprostor.com\/wp-content\/uploads\/2024\/01\/317454759_6290380567643065_144952355011905266_n-1-1024x536.jpg\" alt=\"\" class=\"wp-image-1866\" srcset=\"http:\/\/treceprostor.com\/wp-content\/uploads\/2024\/01\/317454759_6290380567643065_144952355011905266_n-1-1024x536.jpg 1024w, http:\/\/treceprostor.com\/wp-content\/uploads\/2024\/01\/317454759_6290380567643065_144952355011905266_n-1-300x157.jpg 300w, http:\/\/treceprostor.com\/wp-content\/uploads\/2024\/01\/317454759_6290380567643065_144952355011905266_n-1-768x402.jpg 768w, http:\/\/treceprostor.com\/wp-content\/uploads\/2024\/01\/317454759_6290380567643065_144952355011905266_n-1.jpg 1200w\" sizes=\"auto, (max-width: 767px) 89vw, (max-width: 1000px) 54vw, (max-width: 1071px) 543px, 580px\" \/><figcaption class=\"wp-element-caption\">IRENA BO\u0106KAI\/NEW GONDOLIERS<\/figcaption><\/figure>\n\n\n\n<p><\/p>\n\n\n\n<p><\/p>\n\n\n\n<p><\/p>\n\n\n\n<p>&nbsp;<em>On je moj najdra\u017ei prijatelj i moj najgori rival, moj povjerljiv i izdajnik, moj odr\u017eavatelj i moj ovisnik, a najstra\u0161nije od svega, moj jednak&#8230;<\/em><\/p>\n\n\n\n<figure class=\"wp-block-image size-large\"><img loading=\"lazy\" decoding=\"async\" width=\"1024\" height=\"683\" src=\"http:\/\/treceprostor.com\/wp-content\/uploads\/2022\/05\/Ambijent-Y_foto_Matej-Celar-1024x683.jpg\" alt=\"\" class=\"wp-image-1101\" srcset=\"http:\/\/treceprostor.com\/wp-content\/uploads\/2022\/05\/Ambijent-Y_foto_Matej-Celar-1024x683.jpg 1024w, http:\/\/treceprostor.com\/wp-content\/uploads\/2022\/05\/Ambijent-Y_foto_Matej-Celar-300x200.jpg 300w, http:\/\/treceprostor.com\/wp-content\/uploads\/2022\/05\/Ambijent-Y_foto_Matej-Celar-768x512.jpg 768w, http:\/\/treceprostor.com\/wp-content\/uploads\/2022\/05\/Ambijent-Y_foto_Matej-Celar-1536x1024.jpg 1536w, http:\/\/treceprostor.com\/wp-content\/uploads\/2022\/05\/Ambijent-Y_foto_Matej-Celar.jpg 2048w\" sizes=\"auto, (max-width: 767px) 89vw, (max-width: 1000px) 54vw, (max-width: 1071px) 543px, 580px\" \/><figcaption class=\"wp-element-caption\">Foto: Matej \u010celar<\/figcaption><\/figure>\n\n\n\n<p><strong>AMBIJENT Y<\/strong>, autor: Roko Naki\u0107, 2021<\/p>\n\n\n\n<p>Izvo\u0111a\u010di:<br><strong>Roko Naki\u0107<\/strong><br><strong>Stipe Gugi\u0107<\/strong><br><strong>Ana Katuli\u0107<\/strong><br><strong>Vilim Ostovi\u0107<\/strong><\/p>\n\n\n\n<p>Suradnica za scenski pokret:<br><strong>Irena Bo\u0107kai<\/strong><\/p>\n\n\n\n<p>\u201cPredstava \u2018Ambijent Y\u2019 ima za cilj istra\u017eiti logiku i zakonitost horizontalnih odnosa me\u0111u bliskim srodnicima, i to unutar zadane sheme jednog specifi\u010dnog kulturnog i socijalnog naslije\u0111a. Osnovni predlo\u017eak predstave je tekst njema\u010dkog ekspresionisti\u010dkog pisca Friedricha Kofke pod nazivom \u2018Kajin\u2019. Pri\u010da o prvom bratoubojstvu postaje civilizacijski narativ kojim se poga\u0111a sr\u017e problematike delikatnih odnosa u obiteljskoj hijerarhiji. Osnovna radnja je nepovratno poreme\u0107en odnos izme\u0111u dva mu\u0161ka srodnika od kojih svaki poku\u0161ava svim raspolo\u017eivim sredstvima ostvariti prvenstvo nad onim drugim.\u201d<\/p>\n\n\n\n<p>&nbsp;<\/p>\n\n\n\n<p><em>I want to be clean&#8230;<\/em><\/p>\n\n\n\n<figure class=\"wp-block-image size-full\"><img loading=\"lazy\" decoding=\"async\" width=\"960\" height=\"540\" src=\"http:\/\/treceprostor.com\/wp-content\/uploads\/2022\/05\/103991513_2854751087984569_8176793598045753372_n.jpg\" alt=\"\" class=\"wp-image-1096\" srcset=\"http:\/\/treceprostor.com\/wp-content\/uploads\/2022\/05\/103991513_2854751087984569_8176793598045753372_n.jpg 960w, http:\/\/treceprostor.com\/wp-content\/uploads\/2022\/05\/103991513_2854751087984569_8176793598045753372_n-300x169.jpg 300w, http:\/\/treceprostor.com\/wp-content\/uploads\/2022\/05\/103991513_2854751087984569_8176793598045753372_n-768x432.jpg 768w\" sizes=\"auto, (max-width: 767px) 89vw, (max-width: 1000px) 54vw, (max-width: 1071px) 543px, 580px\" \/><\/figure>\n\n\n\n<p><strong>I WANT TO BE CLEAN<\/strong>, autorica: Irena Bo\u0107kai, 2019<\/p>\n\n\n\n<p><\/p>\n\n\n\n<p>&nbsp;<em>I have no country, no mother, no father, nor brother, or relation&#8230;<\/em><\/p>\n\n\n\n<div class=\"wp-block-cover is-light\"><span aria-hidden=\"true\" class=\"wp-block-cover__background has-background-dim\"><\/span><img loading=\"lazy\" decoding=\"async\" width=\"1200\" height=\"1600\" class=\"wp-block-cover__image-background wp-image-739\" alt=\"\" src=\"http:\/\/treceprostor.com\/wp-content\/uploads\/2019\/12\/2.jpg\" data-object-fit=\"cover\" srcset=\"http:\/\/treceprostor.com\/wp-content\/uploads\/2019\/12\/2.jpg 1200w, http:\/\/treceprostor.com\/wp-content\/uploads\/2019\/12\/2-225x300.jpg 225w, http:\/\/treceprostor.com\/wp-content\/uploads\/2019\/12\/2-768x1024.jpg 768w\" sizes=\"auto, (max-width: 767px) 89vw, (max-width: 1000px) 54vw, (max-width: 1071px) 543px, 580px\" \/><div class=\"wp-block-cover__inner-container is-layout-flow wp-block-cover-is-layout-flow\">\n<p class=\"has-text-align-center has-large-font-size\">&nbsp;<\/p>\n<\/div><\/div>\n\n\n\n<p><strong>MEDEJA<\/strong>, autorica: Irena Bo\u0107kai, 2019<\/p>\n\n\n\n<p><strong>Premijera:<\/strong> POGON-Zagreba\u010dki centar za nezavisnu kulturu i mlade<\/p>\n\n\n\n<p><strong>Izvedbe:<\/strong> Scena Ribnjak; Mediteranski plesni centar (otvorena proba), 2019<\/p>\n\n\n\n<p><strong>Medeja <\/strong>je predstava vizualnoga kazali\u0161ta u kojoj je posebni naglasak na toposu egzila \u0161to ozna\u010dava bijeg u drugi prostor, napu\u0161tanje vlastite kulturne sredine i poku\u0161aj asimilacije s novom. Egzilantska pozicija u kojoj se Medeja nalazi promatra se kao arhetipska situacija koja zahva\u0107a one koji su prisilno napustili vlastiti dom. Me\u0111utim, iako Medeja samovoljno napu\u0161ta svoj dom te je tu rije\u010d o samoegzilu, dolaskom u novu sredinu ona se ne uklapa u njezine kulturne okvire te mora biti prognana kako bi se odr\u017eao sustav vrijednosti kojemu ona ne pripada. Nepremostivi jaz izme\u0111u nje i nove okoline stigmatizira je kao vje\u010dnu pobunjenicu i prognanicu.<\/p>\n\n\n\n<p>&nbsp;<\/p>\n\n\n\n<p><em>Oblici mobilnosti svojstveni ljudima i drugim \u017eivotinjama&#8230;<\/em><\/p>\n\n\n\n<figure class=\"wp-block-image size-large\"><img loading=\"lazy\" decoding=\"async\" width=\"1024\" height=\"613\" src=\"http:\/\/treceprostor.com\/wp-content\/uploads\/2018\/03\/cropped-foto-ulaznice-1-1024x613.jpg\" alt=\"\" class=\"wp-image-32\" srcset=\"http:\/\/treceprostor.com\/wp-content\/uploads\/2018\/03\/cropped-foto-ulaznice-1-1024x613.jpg 1024w, http:\/\/treceprostor.com\/wp-content\/uploads\/2018\/03\/cropped-foto-ulaznice-1-300x180.jpg 300w, http:\/\/treceprostor.com\/wp-content\/uploads\/2018\/03\/cropped-foto-ulaznice-1-768x460.jpg 768w, http:\/\/treceprostor.com\/wp-content\/uploads\/2018\/03\/cropped-foto-ulaznice-1.jpg 2000w\" sizes=\"auto, (max-width: 767px) 89vw, (max-width: 1000px) 54vw, (max-width: 1071px) 543px, 580px\" \/><figcaption class=\"wp-element-caption\">Foto: Doringo<\/figcaption><\/figure>\n\n\n\n<p><strong>PREMJE\u0160TANJE LJUDI I \u017dIVOTINJA<\/strong>, autori: Irena Bo\u0107kai i Roko Naki\u0107, 2018<\/p>\n\n\n<p><strong>Premijera:<\/strong> POGON-Zagreba\u010dki centar za nezavisnu kulturu i mlade, 2018<\/p>\n<p><strong>Izvedbe:<\/strong> Scena Ribnjak, 2018; ITINERANT Performance Art Festival NYC, New York; LONDON CONTEMPORARY, London, 2019<\/p>\n<p><strong>Premje\u0161tanje ljudi i \u017eivotinja<\/strong> predstava je o oblicima mobilnosti i dodirnim to\u010dkama migracija ljudi i \u017eivotinja. Izvedbom se stvara dojam razglednice ispisane elementima kulture putovanja (odabir puta, itinerar, odlasci na put, pri\u010de s putovanja, povratci). Sredi\u0161nji je scenski znak kopito, tj. stopalo, kao arhetip premje\u0161tanja. Kroz izmjenu isje\u010daka &#8216;kulturnog&#8217; i &#8216;prirodnog&#8217; prostor se markira, ispunjava, te opet bri\u0161e dolaskom novog aktera (muflon\/postturist; gorila\/psihoanaliti\u010dar). Premje\u0161tanje \u017eivotinja u predstavi je povezano s navikom mnogih \u017eivotinjskih vrsta koje se kre\u0107u unutar njihovih stani\u0161ta tijekom migracija, do razli\u010ditih biotopa, \u010desto me\u0111usobno znatne udaljenosti. Premje\u0161tanje \u017eivotinja obi\u010dno slijedi njihove ritmove povezane s potrebom pronala\u017eenja pogodnog podru\u010dja za podizanje mladunaca, odmor i hranjenje. Premje\u0161tanje ljudi u predstavi se istra\u017euje s obzirom na fenomen kulture putovanja, suvremene paradigme u dru\u0161tvenim i humanisti\u010dkim znanostima koja obuhva\u0107a sve vrste socijalne mobilnosti \u2013 kretanje ljudi, ideja i stvari, kao i \u0161ire dru\u0161tvene implikacije tih pokreta.<\/p>\n<p>Kao dio istra\u017eivanja za predstavu izvedeni su performansi u sklopu izlo\u017ebe &#8216;O \u017eivotinjama i ljudima&#8217;, u Etnografskom muzeju Zagreb. Kritiku Suzane Marjani\u0107 uz performanse Irene Bo\u0107kai i Roka Naki\u0107a mogu\u0107e je pro\u010ditati na sljede\u0107em linku:<\/p>\n<p><a href=\"http:\/\/www.plesnascena.hr\/index.php?p=article&amp;id=2125\">http:\/\/www.plesnascena.hr\/index.php?p=article&amp;id=2125<\/a><\/p>\n<p><\/p>\n<p><em data-rich-text-format-boundary=\"true\">A \u0161to s prostornim obratom&#8230;<\/em><\/p>\n\n\n<figure class=\"wp-block-image size-large\"><img loading=\"lazy\" decoding=\"async\" width=\"1024\" height=\"683\" src=\"http:\/\/treceprostor.com\/wp-content\/uploads\/2022\/10\/11025263_1044170378928256_5984508414538022318_o-1-1024x683.jpg\" alt=\"\" class=\"wp-image-1362\" srcset=\"http:\/\/treceprostor.com\/wp-content\/uploads\/2022\/10\/11025263_1044170378928256_5984508414538022318_o-1-1024x683.jpg 1024w, http:\/\/treceprostor.com\/wp-content\/uploads\/2022\/10\/11025263_1044170378928256_5984508414538022318_o-1-300x200.jpg 300w, http:\/\/treceprostor.com\/wp-content\/uploads\/2022\/10\/11025263_1044170378928256_5984508414538022318_o-1-768x512.jpg 768w, http:\/\/treceprostor.com\/wp-content\/uploads\/2022\/10\/11025263_1044170378928256_5984508414538022318_o-1-1536x1024.jpg 1536w, http:\/\/treceprostor.com\/wp-content\/uploads\/2022\/10\/11025263_1044170378928256_5984508414538022318_o-1.jpg 2048w\" sizes=\"auto, (max-width: 767px) 89vw, (max-width: 1000px) 54vw, (max-width: 1071px) 543px, 580px\" \/><figcaption class=\"wp-element-caption\">Foto: Doringo<\/figcaption><\/figure>\n\n\n\n<p><strong>(SLETOVI) &#8211; INTELIGENCIJA JATA<\/strong> -program Pogonator-inkubator suvremenog plesa i kazali\u0161ta, Pogon Jedinstvo, Zagreb, 2016<\/p>\n\n\n\n<p>Izvedbeni projekt&nbsp;\u2018(S)LETOVI \u2013 Inteligencija jata\u2019&nbsp;izvedbenog kolektiva&nbsp;Tre\u0107eprostor problematizira specifi\u010dnu&nbsp;prostornost, nastavljaju\u0107i se na postavke politi\u010dke i kulturalne geografije te&nbsp;spacijalni, prostorni obrat u humanistici i dru\u0161tvenim znanostima. U izvedbi se&nbsp;na specifi\u010dan na\u010din propituje fenomenologija mjesta i prostora kao \u0161to su&nbsp;aerodromi, te kako ti proizvedeni prostori djeluju u izvo\u0111a\u010devoj svijest dok ih&nbsp;prevodi u pokret. Izvedba (S)LETOVA problematizira dana\u0161nje otu\u0111enje i gubitak&nbsp;identifikacije koji su uzrokovani osiroma\u0161enom vizualizacijom, a njihova posljedica su posljedica koje emocionalna nesigurnost i strah u suvremenom svijetu.<\/p>\n\n\n\n<p>(S)LETOVI su jedan od 6 novih izvedbenih projekata koji su putem godi\u0161njeg javnog poziva (2 nove produkcije i 4 umjetni\u010dka istra\u017eivanja koji rezultiraju javnim izvedbama) izabrani za program POGONATOR 2016. Radi se o nekomercijalnim umjetni\u010dkim projektima koji nastaju na nezavisnoj sceni i koji se mogu okarakterizirati kao: suvremeno progresivno kazali\u0161te, suvremeni ples,novi cirkus, eksperimentalni hibridni i\/ili istra\u017eiva\u010dki izvedbeni projekti. Program \u010dine umjetni\u010dki projekti pojedinaca i skupina koji kroz svoj rad otvaraju kriti\u010dki prostor, propituju ustaljene forme umjetni\u010dkog djelovanja i \u0161ireg promi\u0161ljanja dru\u0161tva, te koji pronalaze nove umjetni\u010dke oblike i na\u010dine komunikacije s publikom.<\/p>\n\n\n\n<p><\/p>\n\n\n\n<p><\/p>\n\n\n\n<p><\/p>\n\n\n\n<p><\/p>\n\n\n\n<p><\/p>\n\n\n\n<p><\/p>\n\n\n\n<p><\/p>\n\n\n\n<p><\/p>\n\n\n\n<p><\/p>\n\n\n\n<p>&nbsp;<\/p>\n\n\n\n<p><\/p>\n\n\n\n<p><\/p>\n\n\n\n<p><\/p>\n\n\n\n<p><\/p>\n","protected":false},"excerpt":{"rendered":"<p>Kako pre\u017eivjeti ovo \u0161to zovemo \u017eivot?* NAJNORMALNIJI OD SVIH DANA, autor: Roko Naki\u0107 Kako izgleda najnormalniji od svih dana? Koji pro\u017eivljavamo svaki dan, uvijek iznova\u2026 Ova predstava je isje\u010dak iz jednog radnog dana neimenovanog protagonista koji poku\u0161ava zadr\u017eati prisebnost u vrtlogu svakodnevice, ali \u010dija se nejaka li\u010dnost drobi pod pritiskom te polako gubi svaki dodir &hellip; <\/p>\n<p class=\"link-more\"><a href=\"http:\/\/treceprostor.com\/en\/produkcija\/\" class=\"more-link\">Continue reading<span class=\"screen-reader-text\"> &#8220;PRODUKCIJA&#8221;<\/span><\/a><\/p>\n","protected":false},"author":1,"featured_media":0,"parent":0,"menu_order":0,"comment_status":"closed","ping_status":"closed","template":"","meta":{"footnotes":""},"class_list":["post-83","page","type-page","status-publish","hentry"],"_links":{"self":[{"href":"http:\/\/treceprostor.com\/en\/wp-json\/wp\/v2\/pages\/83","targetHints":{"allow":["GET"]}}],"collection":[{"href":"http:\/\/treceprostor.com\/en\/wp-json\/wp\/v2\/pages"}],"about":[{"href":"http:\/\/treceprostor.com\/en\/wp-json\/wp\/v2\/types\/page"}],"author":[{"embeddable":true,"href":"http:\/\/treceprostor.com\/en\/wp-json\/wp\/v2\/users\/1"}],"replies":[{"embeddable":true,"href":"http:\/\/treceprostor.com\/en\/wp-json\/wp\/v2\/comments?post=83"}],"version-history":[{"count":115,"href":"http:\/\/treceprostor.com\/en\/wp-json\/wp\/v2\/pages\/83\/revisions"}],"predecessor-version":[{"id":1876,"href":"http:\/\/treceprostor.com\/en\/wp-json\/wp\/v2\/pages\/83\/revisions\/1876"}],"wp:attachment":[{"href":"http:\/\/treceprostor.com\/en\/wp-json\/wp\/v2\/media?parent=83"}],"curies":[{"name":"wp","href":"https:\/\/api.w.org\/{rel}","templated":true}]}}