{"id":898,"date":"2021-11-20T21:20:45","date_gmt":"2021-11-20T21:20:45","guid":{"rendered":"http:\/\/treceprostor.com\/?page_id=898"},"modified":"2024-04-22T12:33:07","modified_gmt":"2024-04-22T12:33:07","slug":"treca-koza","status":"publish","type":"page","link":"http:\/\/treceprostor.com\/en\/treca-koza\/","title":{"rendered":"TRE\u0106A KOZA"},"content":{"rendered":"\n<figure class=\"wp-block-image size-large\"><img loading=\"lazy\" decoding=\"async\" width=\"1024\" height=\"536\" src=\"https:\/\/treceprostor.com\/wp-content\/uploads\/2024\/04\/Treca-koza4-1-1024x536.jpg\" alt=\"\" class=\"wp-image-1962\" srcset=\"http:\/\/treceprostor.com\/wp-content\/uploads\/2024\/04\/Treca-koza4-1-1024x536.jpg 1024w, http:\/\/treceprostor.com\/wp-content\/uploads\/2024\/04\/Treca-koza4-1-300x157.jpg 300w, http:\/\/treceprostor.com\/wp-content\/uploads\/2024\/04\/Treca-koza4-1-768x402.jpg 768w, http:\/\/treceprostor.com\/wp-content\/uploads\/2024\/04\/Treca-koza4-1-1536x804.jpg 1536w, http:\/\/treceprostor.com\/wp-content\/uploads\/2024\/04\/Treca-koza4-1-2048x1072.jpg 2048w\" sizes=\"auto, (max-width: 767px) 89vw, (max-width: 1000px) 54vw, (max-width: 1071px) 543px, 580px\" \/><\/figure>\n\n\n\n<p><strong>TRE\u0106A KOZA<\/strong> je me\u0111unarodni umjetni\u010dki festival koji nosi europsku oznaku kvalitete <strong>EFFE 2024-2025<\/strong> \u010dime se upisuje u zajednicu izuzetnih me\u0111unarodnih umjetni\u010dkih festivala. Festival se bavi umjetni\u010dkim propitivanjem ekolo\u0161ke problematike te razvojem lokalnih zajednica kroz umjetnost i teme odr\u017eivog razvoja.Festival se ove godine u svojem tre\u0107em izdanju odr\u017eava na raznim lokacija u Op\u0107ini Li\u017enjan-Lisignano u razdoblju od 30.5. do 1.6.2024. godine.<\/p>\n\n\n\n<p><strong>Festival TRE\u0106A KOZA<\/strong> odr\u017eava se uz sufinanciranje <strong>Ministarstva kulture i medija RH <\/strong>i <strong>Op\u0107ine Li\u017enjan-Lisignano<\/strong>.<\/p>\n\n\n\n<p><strong>Sponzor: <\/strong>Turisti\u010dka zajednica Op\u0107ine Li\u017enjan &#8211; Lisignano<\/p>\n\n\n\n<p><strong>Udruga Tre\u0107eprostor<\/strong> korisnica je institucionalne podr\u0161ke za razvoj i stabilizaciju udruga Nacionalne zaklade za razvoj civilnoga dru\u0161tva i podr\u0161ke za organizacijski razvoj Zaklade Kultura nova.<\/p>\n\n\n\n<p><strong>Medijski pokrovitelji:<\/strong> Kulturistra, Radio Istra, Radio Pula, Istarski.hr, Glas Istre, MedulinFM<\/p>\n\n\n\n<p><strong>Dizajn:<\/strong> Mia Klemen\u010di\u0107<\/p>\n\n\n\n<p><strong>Partner: <\/strong>Plartforma<\/p>\n\n\n\n<p><\/p>\n\n\n\n<figure class=\"wp-block-image size-large\"><img loading=\"lazy\" decoding=\"async\" width=\"1024\" height=\"536\" src=\"https:\/\/treceprostor.com\/wp-content\/uploads\/2024\/01\/Treca-koza-event-1-1024x536.jpg\" alt=\"\" class=\"wp-image-1847\" srcset=\"http:\/\/treceprostor.com\/wp-content\/uploads\/2024\/01\/Treca-koza-event-1-1024x536.jpg 1024w, http:\/\/treceprostor.com\/wp-content\/uploads\/2024\/01\/Treca-koza-event-1-300x157.jpg 300w, http:\/\/treceprostor.com\/wp-content\/uploads\/2024\/01\/Treca-koza-event-1-768x402.jpg 768w, http:\/\/treceprostor.com\/wp-content\/uploads\/2024\/01\/Treca-koza-event-1-1536x804.jpg 1536w, http:\/\/treceprostor.com\/wp-content\/uploads\/2024\/01\/Treca-koza-event-1.jpg 1920w\" sizes=\"auto, (max-width: 767px) 89vw, (max-width: 1000px) 54vw, (max-width: 1071px) 543px, 580px\" \/><figcaption class=\"wp-element-caption\"><em>Dizajn: Mia Klemen\u010di\u0107<\/em><\/figcaption><\/figure>\n\n\n\n<figure class=\"wp-block-image size-large\"><img loading=\"lazy\" decoding=\"async\" width=\"735\" height=\"1024\" src=\"https:\/\/treceprostor.com\/wp-content\/uploads\/2024\/01\/program-Treca-koza-2023-735x1024.jpg\" alt=\"\" class=\"wp-image-1850\" srcset=\"http:\/\/treceprostor.com\/wp-content\/uploads\/2024\/01\/program-Treca-koza-2023-735x1024.jpg 735w, http:\/\/treceprostor.com\/wp-content\/uploads\/2024\/01\/program-Treca-koza-2023-215x300.jpg 215w, http:\/\/treceprostor.com\/wp-content\/uploads\/2024\/01\/program-Treca-koza-2023-768x1070.jpg 768w, http:\/\/treceprostor.com\/wp-content\/uploads\/2024\/01\/program-Treca-koza-2023.jpg 994w\" sizes=\"auto, (max-width: 735px) 100vw, 735px\" \/><\/figure>\n\n\n\n<figure class=\"wp-block-embed alignright is-type-wp-embed is-provider-grazia wp-block-embed-grazia\"><div class=\"wp-block-embed__wrapper\">\n<blockquote class=\"wp-embedded-content\" data-secret=\"F16UlvOBfs\"><a href=\"https:\/\/grazia.hr\/treca-koza-festival-najava\/\">Festival Tre\u0107a koza predstavlja mlade kreativce, izvedbene umjetnike i &#8211; ekolo\u0161ke farmere<\/a><\/blockquote><iframe loading=\"lazy\" class=\"wp-embedded-content\" sandbox=\"allow-scripts\" security=\"restricted\" style=\"position: absolute; clip: rect(1px, 1px, 1px, 1px);\" title=\"&#8220;Festival Tre\u0107a koza predstavlja mlade kreativce, izvedbene umjetnike i &#8211; ekolo\u0161ke farmere&#8221; &#8212; Grazia\" src=\"https:\/\/grazia.hr\/treca-koza-festival-najava\/embed\/#?secret=KcvcnXlODt#?secret=F16UlvOBfs\" data-secret=\"F16UlvOBfs\" width=\"525\" height=\"296\" frameborder=\"0\" marginwidth=\"0\" marginheight=\"0\" scrolling=\"no\"><\/iframe>\n<\/div><\/figure>\n\n\n\n<p>Proljetno izdanje festivala <strong>TRE\u0106A KOZA<\/strong> odr\u017eano je od 22. do 24. travnja 2022. u Op\u0107ini Li\u017enjan-Lisignano, na raznim lokacijama (Rt Marlera, Dru\u0161tveni dom i ostale li\u017enjanske lokacije) uz program izvedbenih i plesnih radionica, prezentacija umjetni\u010dkih radova, performansa i akcija, koji izvedbene umjetnosti dovode u relaciju s oblicima ekolo\u0161kog dru\u0161tvenog djelovanja i digitalnim tehnologijama.<\/p>\n\n\n\n<p>Program je zapo\u010deo u petak 22.4. besplatnom radionicom plesa na svili za djecu i odrasle koju je vodila trenerica i voditeljica akrobatskih sportova na visini Lea Komel. Na festivalu su se predstavili umjetnici_ce s radovima pristiglim na natje\u010daj: Tanja Grgi\u0107, Josip Pino Ivan\u010di\u0107, Ivana-Nata\u0161a Turkovi\u0107, Sabina Ali\u010di\u0107 i Kazali\u0161te Dr. Inat.<\/p>\n\n\n\n<p>Na zatvaranju festivala performanse su izveli Roko Naki\u0107, Ana Katuli\u0107 i Irena Bo\u0107kai, kada je od radova pristiglih na natje\u010daj progla\u0161en najbolji izvedbeni rad s ekolo\u0161kom tematikom, o kojemu je odlu\u010dio tro\u010dlani \u017eiri u sastavu Ana Katuli\u0107, Ana Forna\u017ear i Roko Naki\u0107. Najboljim radom progla\u0161en je rad autorice Ivane-Nata\u0161e Turkovi\u0107 &#8220;Bad End Breakfast&#8221;.<\/p>\n\n\n\n<p><\/p>\n\n\n\n<p><strong>Poziv za prijavu digitalnih umjetni\u010dkih radova s ekolo\u0161kom tematikom za sudjelovanje na festivalu TRE\u0106A KOZA<\/strong><\/p>\n\n\n\n<figure class=\"wp-block-image size-large\"><img loading=\"lazy\" decoding=\"async\" width=\"1024\" height=\"892\" src=\"http:\/\/treceprostor.com\/wp-content\/uploads\/2021\/12\/PolMed_Pro_WEB-8-1024x892.jpg\" alt=\"\" class=\"wp-image-888\"\/><\/figure>\n\n\n\n<p>Pozivamo izvedbene, novomedijske i interdisciplinarne umjetnike koji u svojim radovima propituju ekolo\u0161ku problematiku da se prijave sa svojim digitalnim umjetni\u010dkim radovima za sudjelovanje na prvom izdanju festivala TRE\u0106A KOZA. U fokusu su festivala umjetnici koji u kreativnom stvarala\u010dkom procesu crpe inspiraciju iz prirode i koji se bave raznovrsnim izvedbenim disciplinama i novomedijskim umjetnostima. Zanimaju nas interdisciplinarni projekti koji izvedbene i novomedijske umjetnosti dovode u relaciju s oblicima ekolo\u0161kog dru\u0161tvenog djelovanja i novim tehnologijama.<\/p>\n\n\n\n<p>Festival je zami\u0161ljen kao umjetni\u010dki odgovor na\nklimatske promjene i ekolo\u0161ku krizu \u010diji smo svjedoci na dnevnoj razini te\nfenomenolo\u0161ko, ekolo\u0161ko i eti\u010dko razumijevanje na\u0161eg odnosa s prirodnim\nsvijetom.&nbsp; <\/p>\n\n\n\n<p>Natje\u010daj je otvoren do <strong>30. studenog 2021.<\/strong><\/p>\n\n\n\n<p><strong>Teme:<\/strong><\/p>\n\n\n\n<p>One\u010di\u0161\u0107enje okoli\u0161a (kemijske tvari, ispu\u0161ni plinovi,\nbuka, toplina, svjetlosno zaga\u0111enje) koje uzrokuje \u0161tetu ljudima i drugim \u017eivim\norganizmima; odnos \u010dovjeka prema prirodi i prema drugim vrstama; izumiranje\nvrsta; klimatske promjene; virusi i bakterije; mora i oceani; ekolo\u0161ke\nkatastrofe; odr\u017eivi razvoj i dimenzije odr\u017eivosti \u2013 okoli\u0161na, dru\u0161tvena i\nekonomska te njihova me\u0111uovisnost; zelene ekonomije: pokreta\u010d odr\u017eivog razvoja,\nili novi oblik kolonijalizma?; prirodna raznolikost, ekosustavi i njihova\nme\u0111usobna povezanosti u ljudskim zajednicama; gospodarenje prirodnim resursima;\nturizam i odr\u017eivost hrvatskog turizma; pandemijske teme (negativni\/pozitivni\naspekti: bolest, strah, dru\u0161tveno distanciranje\/boravak u prirodi, zdrava\nprehrana, vje\u017ebanje); ekolo\u0161ka pitanja promatrana iz socijalne, ekonomske,\neti\u010dke, bioeti\u010dke, biopoliti\u010dke, feministi\u010dke perspektive\u2026.<\/p>\n\n\n\n<p>Festivalom \u0107e biti obuhva\u0107eni projekti usredoto\u010deni na\nekolo\u0161ka pitanja, ali i projekti koji ekolo\u0161ka pitanja promatraju iz socijalne,\nekonomske, eti\u010dke, bioeti\u010dke, biopoliti\u010dke, feministi\u010dke perspektive.<\/p>\n\n\n\n<p>Prvo izdanje festivala Tre\u0107a koza odr\u017eat \u0107e se tokom prosincu\n2021. godine. <\/p>\n\n\n\n<p>Umjetnici koji \u0107e nastupiti na festivalu po pozivu,\nsvoje \u0107e radove prikazati na jedinstvenim vanjskim lokacijama Op\u0107ine Li\u017enjan\npokraj Pule, a ovim pozivom selektirat \u0107e se umjetnici koji \u0107e imati priliku\nprikazati svoje digitalne umjetni\u010dke radove u online dijelu festivala. <\/p>\n\n\n\n<p>Selektirani \u0107e digitalni radovi biti prikazani na\nslu\u017ebenim online kanalima Udruge Tre\u0107eprostor. Festival Tre\u0107a koza kroz program\nizvedbi na otvorenom te distribucijom sadr\u017eaja online kanalima i mre\u017eama,\nusmjerava svoje djelovanje na ponovno povezivanje umjetnika i publike tijekom\nrazdoblja dru\u0161tvenog distanciranja u sigurnom okru\u017eenju koje nam pru\u017ea priroda\ni otvoreni prostori. Festival zatvara tu udaljenost pru\u017eaju\u0107i inkluzivnu\nplatformu za umjetnike u novom, izazovnom okru\u017eenju za suvremene izvedbene i\nnovomedijske prakse.<\/p>\n\n\n\n<p>Natje\u010daj je otvoren od 30. studenog, a prijedlozi se\ndostavljaju putem <a href=\"https:\/\/docs.google.com\/forms\/d\/e\/1FAIpQLSc0x4x-pgJ581oL8U4QXYeveb-luilA3RFd7oUcwg_IHKEyQw\/viewform?vc=0&amp;c=0&amp;w=1&amp;flr=0\">ONLINE\nOBRASCA ZA PRIJAVU<\/a>.<\/p>\n\n\n\n<p>Najbolji umjetni\u010dki rad bit \u0107e nagra\u0111en nov\u010danom\nnagradom u iznosu od 1.000,00 kn.<\/p>\n","protected":false},"excerpt":{"rendered":"<p>TRE\u0106A KOZA je me\u0111unarodni umjetni\u010dki festival koji nosi europsku oznaku kvalitete EFFE 2024-2025 \u010dime se upisuje u zajednicu izuzetnih me\u0111unarodnih umjetni\u010dkih festivala. Festival se bavi umjetni\u010dkim propitivanjem ekolo\u0161ke problematike te razvojem lokalnih zajednica kroz umjetnost i teme odr\u017eivog razvoja.Festival se ove godine u svojem tre\u0107em izdanju odr\u017eava na raznim lokacija u Op\u0107ini Li\u017enjan-Lisignano u razdoblju &hellip; <\/p>\n<p class=\"link-more\"><a href=\"http:\/\/treceprostor.com\/en\/treca-koza\/\" class=\"more-link\">Continue reading<span class=\"screen-reader-text\"> &#8220;TRE\u0106A KOZA&#8221;<\/span><\/a><\/p>\n","protected":false},"author":1,"featured_media":0,"parent":0,"menu_order":0,"comment_status":"closed","ping_status":"closed","template":"","meta":{"footnotes":""},"class_list":["post-898","page","type-page","status-publish","hentry"],"_links":{"self":[{"href":"http:\/\/treceprostor.com\/en\/wp-json\/wp\/v2\/pages\/898","targetHints":{"allow":["GET"]}}],"collection":[{"href":"http:\/\/treceprostor.com\/en\/wp-json\/wp\/v2\/pages"}],"about":[{"href":"http:\/\/treceprostor.com\/en\/wp-json\/wp\/v2\/types\/page"}],"author":[{"embeddable":true,"href":"http:\/\/treceprostor.com\/en\/wp-json\/wp\/v2\/users\/1"}],"replies":[{"embeddable":true,"href":"http:\/\/treceprostor.com\/en\/wp-json\/wp\/v2\/comments?post=898"}],"version-history":[{"count":21,"href":"http:\/\/treceprostor.com\/en\/wp-json\/wp\/v2\/pages\/898\/revisions"}],"predecessor-version":[{"id":1963,"href":"http:\/\/treceprostor.com\/en\/wp-json\/wp\/v2\/pages\/898\/revisions\/1963"}],"wp:attachment":[{"href":"http:\/\/treceprostor.com\/en\/wp-json\/wp\/v2\/media?parent=898"}],"curies":[{"name":"wp","href":"https:\/\/api.w.org\/{rel}","templated":true}]}}