{"id":1247,"date":"2022-09-19T12:40:25","date_gmt":"2022-09-19T12:40:25","guid":{"rendered":"http:\/\/treceprostor.com\/?page_id=1247"},"modified":"2023-06-30T12:43:39","modified_gmt":"2023-06-30T12:43:39","slug":"acf-projekt-aktivno-prema-odrzivosti","status":"publish","type":"page","link":"https:\/\/treceprostor.com\/en\/acf-projekt-aktivno-prema-odrzivosti\/","title":{"rendered":"ACF PROJEKT"},"content":{"rendered":"\n<figure class=\"wp-block-image size-full\"><img loading=\"lazy\" decoding=\"async\" width=\"815\" height=\"305\" src=\"http:\/\/treceprostor.com\/wp-content\/uploads\/2022\/09\/ACF-logo.jpg\" alt=\"\" class=\"wp-image-1263\" srcset=\"https:\/\/treceprostor.com\/wp-content\/uploads\/2022\/09\/ACF-logo.jpg 815w, https:\/\/treceprostor.com\/wp-content\/uploads\/2022\/09\/ACF-logo-300x112.jpg 300w, https:\/\/treceprostor.com\/wp-content\/uploads\/2022\/09\/ACF-logo-768x287.jpg 768w\" sizes=\"auto, (max-width: 767px) 89vw, (max-width: 1000px) 54vw, (max-width: 1071px) 543px, 580px\" \/><\/figure>\n\n\n\n<p><strong>Sa\u017eetak projekta &#8216;Aktivno prema odr\u017eivosti!&#8217;<\/strong><\/p>\n\n\n\n<p>Projekt <em>&#8216;Aktivno prema odr\u017eivosti!&#8217;<\/em> provodi udruga Tre\u0107eprostor u partnerstvu sa Pu\u010dkim otvorenim u\u010dili\u0161te Dr. Ante Star\u010devi\u0107 iz Gospi\u0107a. Projekt se provodi na podru\u010dju grada Gospi\u0107a i okolnih op\u0107ina.<\/p>\n\n\n\n<p>Uslijed dugotrajnih pandemijskih ograni\u010denja u posljednje dvije i pol godine, uo\u010deno je kako su mladi uvelike izgubili kontinuitet aktivnog sudjelovanja u kulturnom i javnom \u017eivotu te su izgubili vrijedno znanje i iskustvo volontiranja i sudjelovanja u kreiranju sadr\u017eaja za mlade (koncerti, festivali, izlo\u017ebe, javne tribine). Posebno su pogo\u0111eni mladi iz nerazvijenijih, manjih sredina u kojima ne postoji velik broj kulturnih i zabavnih sadr\u017eaja. Kroz projekt &#8216;Aktivno prema odr\u017eivosti&#8217; udruga Tre\u0107eprostor \u0107e tokom 10 mjeseci zajedno sa Pu\u010dkim otvorenim u\u010dili\u0161tem dr. Ante Star\u010devi\u0107 iz Gospi\u0107a intenzivno raditi sa ve\u0107om skupinom mladih te im pru\u017eiti sveobuhvatnu edukaciju i iskustvo u podru\u010dju dru\u0161tveno korisnog rada u zajednici.<\/p>\n\n\n\n<p>Mladi (60) \u0107e kroz ciklus edukativnih radionica nau\u010diti sljede\u0107e: Kako anga\u017eirati volontere i voditi volonterske grupe?; Kako uspje\u0161no i samostalno komunicirati i pregovarati sa lokalnim predstavnicima vlasti?; \u0160to su to dru\u0161tveno korisne kampanje i kako ih provoditi?; Kako organizirati kulturni doga\u0111aj u svom gradu\/mjestu? Kako ne bi sve stalo samo na edukaciji, udruga Tre\u0107eprostor \u0107e pru\u017eiti mladima i izravno iskustvo sudjelovanja u organiziranju jednog ve\u0107eg javnog doga\u0111anja, &#8216;Festivala odr\u017eivosti&#8217;. Skupina mladih (10) \u0107e imati priliku u praksi primijeniti ste\u010deno znanje te uz mentorsku potporu udruge Tre\u0107eprostor i POU Gospi\u0107 sudjelovati u svim etapama organizacije dvodnevnog festivala (promocija, osmi\u0161ljavanje programa, suradnja sa lokalnom samoupravom itd.). Cilj festivala je da mladi kroz multimedijske alate (film, izlo\u017ebe, fotografiju, predstave) javno progovore o lokalnim izazovima (korupcija, odlazak mladih, nedostatak dru\u0161tvenog sadr\u017eaja) te na taj na\u010din preuzmu odgovornu ulogu u zajednici i pove\u0107aju svijest gra\u0111ana o lokalnim problemima. U sklopu organizacije festivala biti \u0107e anga\u017eirani i odrasli \u010dlanovi Pu\u010dkog otvorenog u\u010dili\u0161ta koji \u0107e svoje vrijedno znanje prenositi mladima.<\/p>\n\n\n\n<p>Na ovaj \u0107e se na\u010din Pu\u010dko otvoreno u\u010dili\u0161te, kao iznimno va\u017ena ustanova u zajednici, koja obrazuje generacije mladih ljudi, dodatno etablirati kao mjesto unutar kojeg mladi kreiraju, unutar kojeg se povezuju te u\u010de kako biti odgovorni i produktivni gra\u0111ani. Mladi \u0107e ste\u010dena znanja i vje\u0161tine primjenjivati kako za oboga\u0107ivanje kulturnog i javnog \u017eivota svoje zajednice tako i za svoj vlastiti profesionalni napredak.\u00a0<\/p>\n\n\n\n<p><strong><a href=\"https:\/\/drive.google.com\/file\/d\/1wPoT3NYiLYVBAEChHEIKVM4WADJLlmFq\/view?usp=sharing\" data-type=\"URL\" data-id=\"https:\/\/drive.google.com\/file\/d\/1wPoT3NYiLYVBAEChHEIKVM4WADJLlmFq\/view?usp=sharing\">Vodi\u010d za dru\u0161tvena doga\u0111anja<\/a><\/strong><\/p>\n\n\n\n<p>Projekt se provodi u razdoblju od 1.9.2022. do 31.6.2023. Ukupna vrijednost projekta je 11.968,28 \u20ac. Slu\u017ebena stranica udruge Tre\u0107eprostor &nbsp;<a href=\"http:\/\/treceprostor.com\/\">http:\/\/treceprostor.com\/<\/a> Voditelj projekta i kontakt osoba kojoj se mo\u017eete obratiti sa svim pitanjima je Roko Naki\u0107 <a href=\"mailto:ronakiczd@gmail.com\">ronakiczd@gmail.com<\/a>.<\/p>\n\n\n\n<p><em>&#8220;Projekt &#8216;Aktivno prema odr\u017eivosti!&#8217; je podr\u017ean kroz Fond za aktivno gra\u0111anstvo, sredstvima Islanda, Lihten\u0161tajna i Norve\u0161ke u okviru EGP grantova.\u201e<\/em><\/p>\n\n\n\n<p><\/p>\n\n\n\n<p><\/p>\n\n\n\n<p><\/p>\n\n\n\n<p><\/p>\n\n\n\n<p><strong>Summary of the project &#8216;Actively towards sustainability!&#8217;<\/strong><\/p>\n\n\n\n<p>Project &#8216;Actively towards sustainability!&#8217; is implemented by the association Tre\u0107eprostor in partnership with the Open University Dr. Ante Star\u010devi\u0107 from Gospi\u0107. The project is implemented in the area of \u200b\u200bthe city of Gospi\u0107 and the surrounding municipalities.<\/p>\n\n\n\n<p>As a result of long-term pandemic restrictions in the last two and a half years, it was observed that young people largely lost the continuity of active participation in cultural and public life of their communities. They also lost valuable knowledge and experience of volunteering and participating in the creation of content for young people (concerts, festivals, exhibitions, public forums ). Particularly affected are young people from less developed, smaller municipalities where there is not enough cultural and entertainment content. Through the project &#8216;Actively towards sustainability&#8217;, the association Tre\u0107eprostor will intensively work with a large group of young people over the course of 10 months together with the Open University Dr. Ante Star\u010devi\u0107 from Gospi\u0107 and provide young people with comprehensive education in the field of community service.<\/p>\n\n\n\n<p>Young people (60) will learn the following through a cycle of educational workshops: How to engage volunteers and lead volunteer groups?; How to successfully and independently communicate and negotiate with local government representatives?; What are socially useful campaigns and how to implement them?; How to organize a cultural event in your city\/town? Association Tre\u0107eprostor will also provide young people with the direct experience of participating in the organization of a major public event, the &#8216;Festival of Sustainability&#8217;. A group of young people (10) will have the opportunity to apply the acquired knowledge in practice and, with the mentoring support of the association Tre\u0107eprostor and OU Gospi\u0107, they will participate in all stages of the organization of the two-day festival (promotion, design of the program, cooperation with the local government representatives, etc.). The goal of the festival is for young people to speak publicly about local challenges (corruption, the departure of young people, lack of social content) through multimedia tools (film, exhibitions, photography, theatre plays) and thus take a responsible role in the community and increase citizens&#8217; awareness of local problems. As part of the organization of the festival, adult members of the Open University will be engaged and will pass on their valuable knowledge to young people.<\/p>\n\n\n\n<p>In this way, the Open University, as an extremely important institution in the community, which educates generations of young people, will further establish itself as a place where young people create, connect and learn how to be responsible and productive citizens. Young people will apply the acquired knowledge and skills both for enriching the cultural and public life of their community and for their own professional progress.<\/p>\n\n\n\n<p><strong><a href=\"https:\/\/drive.google.com\/file\/d\/1wPoT3NYiLYVBAEChHEIKVM4WADJLlmFq\/view?usp=sharing\" data-type=\"URL\" data-id=\"https:\/\/drive.google.com\/file\/d\/1wPoT3NYiLYVBAEChHEIKVM4WADJLlmFq\/view?usp=sharing\">The social events guide<\/a><\/strong><\/p>\n\n\n\n<p>The project will be &nbsp;implemented in the period from September 1, 2022. until 31.6.2023. The total value of the project is \u20ac11,968.28. The official website of the association Tre\u0107eprostor http:\/\/treceprostor.com\/ The project manager and contact person to whom you can contact with all questions is Roko Naki\u0107 <a href=\"mailto:ronakiczd@gmail.com\">ronakiczd@gmail.com<\/a>.<\/p>\n\n\n\n<p><em>\u201eThe&#8217; Actively towards sustainability!&#8217;<\/em> <em>project benefits from a grant under the Active Citizens Fund from Iceland, Liechtenstein and Norway, through the EEA Grants.\u201e<\/em><\/p>\n","protected":false},"excerpt":{"rendered":"<p>Sa\u017eetak projekta &#8216;Aktivno prema odr\u017eivosti!&#8217; Projekt &#8216;Aktivno prema odr\u017eivosti!&#8217; provodi udruga Tre\u0107eprostor u partnerstvu sa Pu\u010dkim otvorenim u\u010dili\u0161te Dr. Ante Star\u010devi\u0107 iz Gospi\u0107a. Projekt se provodi na podru\u010dju grada Gospi\u0107a i okolnih op\u0107ina. Uslijed dugotrajnih pandemijskih ograni\u010denja u posljednje dvije i pol godine, uo\u010deno je kako su mladi uvelike izgubili kontinuitet aktivnog sudjelovanja u kulturnom &hellip; <\/p>\n<p class=\"link-more\"><a href=\"https:\/\/treceprostor.com\/en\/acf-projekt-aktivno-prema-odrzivosti\/\" class=\"more-link\">Continue reading<span class=\"screen-reader-text\"> &#8220;ACF PROJEKT&#8221;<\/span><\/a><\/p>\n","protected":false},"author":1,"featured_media":0,"parent":0,"menu_order":0,"comment_status":"closed","ping_status":"closed","template":"","meta":{"footnotes":""},"class_list":["post-1247","page","type-page","status-publish","hentry"],"_links":{"self":[{"href":"https:\/\/treceprostor.com\/en\/wp-json\/wp\/v2\/pages\/1247","targetHints":{"allow":["GET"]}}],"collection":[{"href":"https:\/\/treceprostor.com\/en\/wp-json\/wp\/v2\/pages"}],"about":[{"href":"https:\/\/treceprostor.com\/en\/wp-json\/wp\/v2\/types\/page"}],"author":[{"embeddable":true,"href":"https:\/\/treceprostor.com\/en\/wp-json\/wp\/v2\/users\/1"}],"replies":[{"embeddable":true,"href":"https:\/\/treceprostor.com\/en\/wp-json\/wp\/v2\/comments?post=1247"}],"version-history":[{"count":10,"href":"https:\/\/treceprostor.com\/en\/wp-json\/wp\/v2\/pages\/1247\/revisions"}],"predecessor-version":[{"id":1675,"href":"https:\/\/treceprostor.com\/en\/wp-json\/wp\/v2\/pages\/1247\/revisions\/1675"}],"wp:attachment":[{"href":"https:\/\/treceprostor.com\/en\/wp-json\/wp\/v2\/media?parent=1247"}],"curies":[{"name":"wp","href":"https:\/\/api.w.org\/{rel}","templated":true}]}}